{"id":874,"date":"2017-05-04T14:22:02","date_gmt":"2017-05-04T12:22:02","guid":{"rendered":"https:\/\/bouncer-jardinier.com\/?page_id=874"},"modified":"2023-12-18T14:58:04","modified_gmt":"2023-12-18T13:58:04","slug":"permaculture","status":"publish","type":"page","link":"https:\/\/philippe-bouncer-jardins.com\/en\/permaculture\/","title":{"rendered":"PERMACULTURE"},"content":{"rendered":"<h1><span id=\"result_box\" class=\"\" lang=\"en\" tabindex=\"-1\"><span title=\"PERMACULTURE : agriculture permanente - culture permanente \">PERMACULTURE: permanent agriculture &#8211; permanent culture<\/span><\/span><\/h1>\n<p><span title=\"Cr\u00e9ez votre jardin nourricier : \"><b><img loading=\"lazy\" decoding=\"async\" class=\"wp-image-966 alignleft\" src=\"https:\/\/bouncer-jardinier.com\/wp-content\/uploads\/2017\/05\/plan-permaculture-montreuil-1-e1494600365704.jpg\" alt=\"\" width=\"523\" height=\"370\" \/><\/b>Create your nourishing garden:<\/span><\/p>\n<p><span title=\"Potager - Verger - Plantes m\u00e9dicinales 100% Bio-organique \">Vegetable garden &#8211; Orchard &#8211; Medicinal plants 100% Bio-organic<\/span><\/p>\n<p><span title=\"Le go\u00fbt v\u00e9ritable et l'abondance : tout simplement.\">True taste and abundance: simply. <\/span><span title=\"Travail du sol minimum. \">Minimum tillage.<\/span><\/p>\n<p><span title=\"Respect de la bio-diversit\u00e9 du sol - Micro-organismes - Flore. \">Respect of soil bio-diversity &#8211; Micro-organisms &#8211; Flora.<\/span><\/p>\n<p><span title=\"Prenant exemple sur nos forets, des cultures 100% naturelles. \">Taking example of our forests, 100% natural crops.<\/span><\/p>\n<p><span title=\"Comment et pourquoi la permaculture : \">How and why permaculture:<\/span><\/p>\n<p><span title=\"En habitant sur Terre, j'ai toujours senti depuis aussi loin que je puisse m'en souvenir, une liaison, une connexion entre les \u00e9l\u00e9ments de la nature.\">Living on Earth, I have always felt since as far as I can remember, a connection, a connection between the elements of nature. <\/span><span title=\"C'est int\u00e9ressant de constater que de nos jours la physique quantique d\u00e9montre ces partages d'informations entre tous les organismes vivants sans exception. \">It is interesting to note that nowadays quantum physics demonstrates these sharing of information between all living organisms without exception.<\/span><\/p>\n<p><span title=\"Les V.O.C, volatiles compos\u00e9s organiques, r\u00e9v\u00e8lent la fa\u00e7on dont les forets arrivent \u00e0 cr\u00e9er leurs propres pluies.\">V.O.C, volatile organic compounds, reveal how the forests manage to create their own rains. <\/span><span title=\"Nous vivons au sein d'un monde g\u00e9n\u00e9reux et myst\u00e9rieux, nous conduisant a l\u2019\u00e9merveillement. \">We live in a generous and mysterious world, leading us to wonder.<\/span><\/p>\n<p><span title=\"Il y a une mise en \u00e9vidence de plus en plus pr\u00e9sente concernant l'interd\u00e9pendance du vivant au niveau plan\u00e9taire. \">There is a growing evidence about the interdependence of life on the planet.<\/span><\/p>\n<p><span><img loading=\"lazy\" decoding=\"async\" class=\"alignnone wp-image-878\" src=\"https:\/\/bouncer-jardinier.com\/wp-content\/uploads\/2017\/05\/Photo-1-519-1024x685.jpg\" alt=\"\" width=\"356\" height=\"238\" \/>\u00a0 <img loading=\"lazy\" decoding=\"async\" class=\"alignnone wp-image-879\" src=\"https:\/\/bouncer-jardinier.com\/wp-content\/uploads\/2017\/05\/Photo-1-529-1024x685.jpg\" alt=\"\" width=\"361\" height=\"241\" \/><\/span><\/p>\n<p><span title=\"Les \u00e9l\u00e9ments qui nous entourent sont en \u00e9changes permanents les uns avec les autres.\">The elements that surround us are in permanent exchanges with each other. <\/span><span title=\"En tant qu'\u00eatre humain nous faisons parti de cet immense brassage plan\u00e9taire. \">As a human being we are part of this immense global brewing.<\/span><\/p>\n<p><span title=\"La permaculture est depuis les ann\u00e9es 1970, est une des approches d'avant garde dans le rapport entre l'homme et la nature.\">Permaculture is since the 1970s, is one of the pioneering approaches in the relationship between man and nature. <\/span><span title=\"Pourtant de nombreux peuples ont depuis longtemps trouv\u00e9 cet \u00e9quilibre, ce partage dans leur fa\u00e7on de vivre sur et avec leurs terres. \">Yet many people have long found this balance, this sharing in their way of living on and with their land.<\/span><\/p>\n<p><span title=\"La permaculture est donc ancestral, de tradition et en m\u00eame temps contemporaine .\">Permaculture is therefore ancestral, traditional and at the same time contemporary. <\/span><span title=\"Elle n est pas fig\u00e9e mais est plut\u00f4t un de mode d'action qui s'adapte au milieu ambiant en s'inventant un peu plus chaque jour.\">It is not fixed but rather a mode of action that adapts to the environment by inventing a little more each day. <\/span><span title=\"Elle s'inspire du bio mim\u00e9tisme et de l'agro - \u00e9cologie, en consid\u00e9rant la biodiversit\u00e9 de chaque \u00e9cosyst\u00e8me en fonction du lieu ou l'homme et le jardinier se trouvent . \u00a0\u00a0\u00a0\u00a0\">It is inspired by bio mimicry and agroecology, considering the biodiversity of each ecosystem depending on where the man and the gardener are located.<\/span><\/p>\n<p><span title=\"En tant que Jardinier paysagiste, il s'agit de tenter de concevoir consciencieusement la gestion de syst\u00e8mes pouvant produire des fruits et des l\u00e9gumes, \u00e9lever quelques animaux , quelques abeilles.\">As a landscape gardener, it is a question of trying to conscientiously design the management of systems that can produce fruits and vegetables, raise a few animals, some bees. <\/span><span title=\"Prendre soins de la faune et de la Flore. \u00a0\u00a0\u00a0\u00a0\">Take care of the fauna and flora.<br \/>\n<\/span><span title=\"Tous poss\u00e9dant les caract\u00e9ristiques de la diversit\u00e9, de stabilit\u00e9 et de la r\u00e9silience des \u00e9cosyst\u00e8mes naturels. \">All possess the characteristics of the diversity, stability and resilience of natural ecosystems.<\/span><\/p>\n<p><span title=\"La permaculture est une \u00e9coute et une pratique harmonieuse de l'homme dans son milieu pour qu'il puisse co-cr\u00e9er de la nourriture, de l'\u00e9nergie, un logement ou plus g\u00e9n\u00e9ralement tout ce dont il a besoin de mat\u00e9riel ou pas pour vivre\">Permaculture is a listening and a harmonious practice of the man in his environment so that he can co-create food, energy, housing or more generally all that he needs equipment or not to live <\/span><span title=\"de mani\u00e8re ajust\u00e9. \">in an adjusted way.<\/span><\/p>\n<p><span><img loading=\"lazy\" decoding=\"async\" class=\"alignnone wp-image-880\" src=\"https:\/\/bouncer-jardinier.com\/wp-content\/uploads\/2017\/05\/J-052-1024x766.jpg\" alt=\"\" width=\"365\" height=\"273\" \/>\u00a0 <img loading=\"lazy\" decoding=\"async\" class=\"alignnone wp-image-881\" src=\"https:\/\/bouncer-jardinier.com\/wp-content\/uploads\/2017\/05\/oui1-766x1024.jpg\" alt=\"\" width=\"282\" height=\"377\" \/><\/span><\/p>\n<p><span title=\"En de simples mots la permaculture c'est ce que tous ensemble nous pourrions aimer r\u00e9aliser . \">In simple words, permaculture is what we could all achieve together.<\/span><\/p>\n<p><span title=\"Une contribution \u00e0 la vie, un partage simple, afin de prendre soins et d'offrir du vivant sous toutes ses formes. \">A contribution to life, a simple sharing, to take care of and offer life in all its forms.<\/span><\/p>\n<p><span title=\"La permaculture c'est avant tout : \u00a0\u00a0\u00a0\u00a0\u00a0\u00a0\u00a0\u00a0\u00a0\u00a0\u00a0\u00a0\u00a0\u00a0\">Permaculture is above all:<\/span><\/p>\n<p><span title=\"Prendre soin de la Nature et de tout ce qu'elle contient. \u00a0\u00a0\u00a0\u00a0\u00a0\u00a0\u00a0\u00a0\u00a0\u00a0\u00a0\u00a0\u00a0\u00a0\">Take care of Nature and all that it contains.<\/span><\/p>\n<p><span title=\"C'est prendre soins des sols, des for\u00eats, de l\u2019eau et de l'air .De la faune de la Flore. \u00a0\u00a0\u00a0\u00a0\">It is taking care of the soil, the forests, the water and the air. Of the fauna of the Flora.<\/span><\/p>\n<p><span title=\"Prendre soin de l\u2019Humain et de soi-m\u00eame, de la communaut\u00e9 et des g\u00e9n\u00e9rations futures \u00a0\u00a0\u00a0\u00a0\">Take care of the human and of oneself, the community and future generations<br \/>\n<\/span><span title=\"Cr\u00e9er de l\u2019abondance et redistribuer les surplus. \">Create abundance and redistribute surpluses.<\/span><\/p>\n<p><span title=\"Mettre en pratique en soi et autour de soi : \u00a0\u00a0\u00a0\u00a0\">Put into practice in oneself and around oneself:<\/span><\/p>\n<p><span title=\"Se consid\u00e9rer en tant qu'\u00eatre, reconna\u00eetre que nous sommes un trait d'union entre la terre et le ciel. \u00a0\u00a0\u00a0\u00a0\">To consider oneself as being, to recognize that we are a link between earth and heaven.<br \/>\n<\/span><span title=\"Faire \u00e0 son \u00e9chelle sa part des choses . \u00a0\u00a0\u00a0\u00a0\u00a0\u00a0\">To make his scale of things.<\/span><\/p>\n<p><span title=\"PREMIERE ETAPE : \u00a0\u00a0\u00a0\u00a0\">FIRST STAGE :<\/span><\/p>\n<p><span title=\"Commencer par cr\u00e9er un potager - un verger, afin de prendre du plaisir \u00e0 produire quelques fruits et l\u00e9gumes.\">Start by creating a vegetable garden &#8211; an orchard, to take pleasure in producing some fruits and vegetables. <\/span><span title=\"Pour vous et pour votre famille en contribuant ainsi \u00e0 l\u2019am\u00e9lioration de votre Terre. \u00a0\u00a0\u00a0\u00a0\">For you and your family, contributing to the improvement of your Earth.<br \/>\n<\/span><span title=\"Voir les choses simplement.\">See things simply. <\/span><span title=\"Faire de simples actions. \u00a0\u00a0\u00a0\u00a0\">Do simple actions.<br \/>\n<\/span><span title=\"R\u00e9aliser que cela pousse tout seul. \u00a0\u00a0\u00a0\u00a0\">Realize that it grows by itself.<br \/>\n<\/span><span title=\"Philippe Bouncer vous conduira pas \u00e0 pas \u00e0 cheminer dans ce projet pour r\u00e9colter facilement fruits et l\u00e9gumes aux go\u00fbts remarquables. \u00a0\u00a0\u00a0\u00a0\">Philippe Bouncer will lead you step by step through this project to easily harvest fruits and vegetables with remarkable tastes.<br \/>\n<\/span><span title=\"Cr\u00e9er l'abondance en mettant en place un syst\u00e8me de culture sans travail du sol. \u00a0\u00a0\u00a0\u00a0\">Create abundance by setting up a cropping system without tillage.<br \/>\n<\/span><span title=\"Semons ensemble quelques graines et soudain la vie s'anime sous vos yeux. \u00a0\u00a0\u00a0\u00a0\">Let&#8217;s sow some seeds together and suddenly life comes alive before your eyes.<br \/>\n<\/span><span title=\"Contactez nous et ensemble nous r\u00e9aliserons un 'espace jardinesque'\">Contact us and together we will realize a &#8216;garden space&#8217;<\/span><\/p>\n","protected":false},"excerpt":{"rendered":"<p>PERMACULTURE: permanent agriculture &#8211; permanent culture Create your nourishing garden: Vegetable garden &#8211; Orchard &#8211; Medicinal plants 100% Bio-organic True taste and abundance: simply. Minimum tillage. Respect of soil bio-diversity &#8211; Micro-organisms &#8211; Flora. Taking example of our forests, 100% natural crops. How and why permaculture: Living on Earth, I [&hellip;]<\/p>\n","protected":false},"author":2,"featured_media":2603,"parent":0,"menu_order":0,"comment_status":"closed","ping_status":"closed","template":"","meta":{"footnotes":""},"class_list":["post-874","page","type-page","status-publish","has-post-thumbnail","hentry"],"aioseo_notices":[],"_links":{"self":[{"href":"https:\/\/philippe-bouncer-jardins.com\/en\/wp-json\/wp\/v2\/pages\/874","targetHints":{"allow":["GET"]}}],"collection":[{"href":"https:\/\/philippe-bouncer-jardins.com\/en\/wp-json\/wp\/v2\/pages"}],"about":[{"href":"https:\/\/philippe-bouncer-jardins.com\/en\/wp-json\/wp\/v2\/types\/page"}],"author":[{"embeddable":true,"href":"https:\/\/philippe-bouncer-jardins.com\/en\/wp-json\/wp\/v2\/users\/2"}],"replies":[{"embeddable":true,"href":"https:\/\/philippe-bouncer-jardins.com\/en\/wp-json\/wp\/v2\/comments?post=874"}],"version-history":[{"count":47,"href":"https:\/\/philippe-bouncer-jardins.com\/en\/wp-json\/wp\/v2\/pages\/874\/revisions"}],"predecessor-version":[{"id":2974,"href":"https:\/\/philippe-bouncer-jardins.com\/en\/wp-json\/wp\/v2\/pages\/874\/revisions\/2974"}],"wp:featuredmedia":[{"embeddable":true,"href":"https:\/\/philippe-bouncer-jardins.com\/en\/wp-json\/wp\/v2\/media\/2603"}],"wp:attachment":[{"href":"https:\/\/philippe-bouncer-jardins.com\/en\/wp-json\/wp\/v2\/media?parent=874"}],"curies":[{"name":"wp","href":"https:\/\/api.w.org\/{rel}","templated":true}]}}