{"id":641,"date":"2017-04-21T17:08:05","date_gmt":"2017-04-21T15:08:05","guid":{"rendered":"https:\/\/bouncer-jardinier.com\/?page_id=641"},"modified":"2023-12-05T12:35:11","modified_gmt":"2023-12-05T11:35:11","slug":"prestation","status":"publish","type":"page","link":"https:\/\/philippe-bouncer-jardins.com\/en\/prestation\/","title":{"rendered":"Study and creation"},"content":{"rendered":"<h1><span id=\"result_box\" class=\"\" lang=\"en\" tabindex=\"-1\"><span title=\"Plus de 25 ans d'exp\u00e9rience et de savoir-faire : \">More than 25 years of experience<br \/>\n<\/span><\/span><\/h1>\n<p><span id=\"result_box\" class=\"\" lang=\"en\" tabindex=\"-1\"><span title=\"Plus de 25 ans d'exp\u00e9rience et de savoir-faire : \"><br \/>\n<\/span><span title=\"Permet a Philippe Bouncer de vous proposer diff\u00e9rentes prestations et services de qualit\u00e9 afin de r\u00e9pondre \u00e0 vos aspirations et aux exigences de votre espace : \u00a0\u00a0\u00a0\u00a0\">Allows Philippe Bouncer to offer you various services and quality services to meet your aspirations and the requirements of your space:<\/span><\/span><\/p>\n<p><span title=\"- Jardin \u00a0\u00a0\u00a0\u00a0\">&#8211; Garden<br \/>\n<\/span><span title=\"- Patio \u00a0\u00a0\u00a0\u00a0\">&#8211; Patio<br \/>\n<\/span><span title=\"- \u00c9v\u00e9nementiel \u00a0\u00a0\u00a0\u00a0\">&#8211; Events<br \/>\n<\/span><span title=\"- Am\u00e9nagement int\u00e9rieur \u00a0\u00a0\u00a0\u00a0\">&#8211; Interior design<br \/>\n<\/span><span title=\"- Terrasses et balcons - des proc\u00e9d\u00e9s innovants techniques et esth\u00e9tiques.* \">&#8211; Terraces and balconies &#8211; innovative technical and aesthetic processes. <\/span><\/p>\n<h1><span class=\"\" lang=\"en\" tabindex=\"-1\"><span title=\"- Terrasses et balcons - des proc\u00e9d\u00e9s innovants techniques et esth\u00e9tiques.* \"><span><img loading=\"lazy\" decoding=\"async\" class=\"alignleft wp-image-2734 \" src=\"https:\/\/bouncer-jardinier.com\/wp-content\/uploads\/2018\/02\/IMG_6505-1.jpg\" alt=\"\" width=\"447\" height=\"335\" srcset=\"https:\/\/www.philippe-bouncer-jardins.com\/wp-content\/uploads\/2018\/02\/IMG_6505-1.jpg 800w, https:\/\/www.philippe-bouncer-jardins.com\/wp-content\/uploads\/2018\/02\/IMG_6505-1-600x450.jpg 600w, https:\/\/www.philippe-bouncer-jardins.com\/wp-content\/uploads\/2018\/02\/IMG_6505-1-300x225.jpg 300w, https:\/\/www.philippe-bouncer-jardins.com\/wp-content\/uploads\/2018\/02\/IMG_6505-1-768x576.jpg 768w\" sizes=\"auto, (max-width: 447px) 100vw, 447px\" \/><\/span><\/span><\/span><\/h1>\n<h1><span id=\"result_box\" class=\"\" lang=\"en\" tabindex=\"-1\"><span title=\"- Terrasses et balcons - des proc\u00e9d\u00e9s innovants techniques et esth\u00e9tiques.* \"><\/span><span title=\"LES \u00c9TUDES ET CONCEPTIONS: \">STUDIES AND DESIGNS:<\/span><\/span><\/h1>\n<p><span id=\"result_box\" class=\"\" lang=\"en\" tabindex=\"-1\"><span title=\"Une \u00e9tude personnalis\u00e9e, en fonction de vos besoins et d\u00e9sirs, pour vous permettre de visualiser les combinaisons possibles d'am\u00e9nagement de votre projet : \u00a0\u00a0\u00a0\u00a0\">A personalized study, according to your needs and desires, to allow you to visualize the possible combinations of development of your project:<\/span><\/span><\/p>\n<p><span><img loading=\"lazy\" decoding=\"async\" class=\"alignnone wp-image-673\" src=\"https:\/\/bouncer-jardinier.com\/wp-content\/uploads\/2017\/04\/01-30.jpg\" alt=\"\" width=\"511\" height=\"376\" \/><\/span><\/p>\n<p><span><img loading=\"lazy\" decoding=\"async\" class=\"alignnone wp-image-382\" src=\"https:\/\/bouncer-jardinier.com\/wp-content\/uploads\/2017\/04\/01-11.jpg\" alt=\"\" width=\"514\" height=\"363\" srcset=\"https:\/\/www.philippe-bouncer-jardins.com\/wp-content\/uploads\/2017\/04\/01-11.jpg 1924w, https:\/\/www.philippe-bouncer-jardins.com\/wp-content\/uploads\/2017\/04\/01-11-300x212.jpg 300w, https:\/\/www.philippe-bouncer-jardins.com\/wp-content\/uploads\/2017\/04\/01-11-768x542.jpg 768w, https:\/\/www.philippe-bouncer-jardins.com\/wp-content\/uploads\/2017\/04\/01-11-1024x723.jpg 1024w, https:\/\/www.philippe-bouncer-jardins.com\/wp-content\/uploads\/2017\/04\/01-11-780x551.jpg 780w, https:\/\/www.philippe-bouncer-jardins.com\/wp-content\/uploads\/2017\/04\/01-11-1120x791.jpg 1120w\" sizes=\"auto, (max-width: 514px) 100vw, 514px\" \/><\/span><span id=\"result_box\" class=\"\" lang=\"en\" tabindex=\"-1\"><span title=\"LES \u00c9TUDES ET CONCEPTIONS: \"><\/span><span title=\"Une \u00e9tude personnalis\u00e9e, en fonction de vos besoins et d\u00e9sirs, pour vous permettre de visualiser les combinaisons possibles d'am\u00e9nagement de votre projet : \u00a0\u00a0\u00a0\u00a0\"><br \/>\n<\/span><span title=\"- plans \u00e0 \u00e9chelles : technique et couleur, \u00a0\u00a0\u00a0\u00a0\">&#8211; scale plans: technique and color,<br \/>\n<\/span><span title=\"- croquis d'ambiance et de mise en situation, \u00a0\u00a0\u00a0\u00a0\">&#8211; sketch of atmosphere and scenario,<br \/>\n<\/span><span title=\"- maquette : pour certains projets \">&#8211; model: for some projects<\/span><\/span><\/p>\n<p><span title=\"LES CR\u00c9ATIONS: \">CREATIONS:<\/span><\/p>\n<p><span id=\"result_box\" class=\"\" lang=\"en\" tabindex=\"-1\"><span title=\"LES CR\u00c9ATIONS: \"><b><img loading=\"lazy\" decoding=\"async\" class=\"alignnone wp-image-350\" src=\"https:\/\/bouncer-jardinier.com\/wp-content\/uploads\/2017\/04\/06-6.jpg\" alt=\"\" width=\"528\" height=\"354\" srcset=\"https:\/\/www.philippe-bouncer-jardins.com\/wp-content\/uploads\/2017\/04\/06-6.jpg 1500w, https:\/\/www.philippe-bouncer-jardins.com\/wp-content\/uploads\/2017\/04\/06-6-300x201.jpg 300w, https:\/\/www.philippe-bouncer-jardins.com\/wp-content\/uploads\/2017\/04\/06-6-768x515.jpg 768w, https:\/\/www.philippe-bouncer-jardins.com\/wp-content\/uploads\/2017\/04\/06-6-1024x687.jpg 1024w, https:\/\/www.philippe-bouncer-jardins.com\/wp-content\/uploads\/2017\/04\/06-6-780x523.jpg 780w, https:\/\/www.philippe-bouncer-jardins.com\/wp-content\/uploads\/2017\/04\/06-6-1120x751.jpg 1120w\" sizes=\"auto, (max-width: 528px) 100vw, 528px\" \/><\/b><\/span><\/span><\/p>\n<p><span title=\"Une cr\u00e9ation ou une restauration de votre espace, associant vos envies d'embellissement et d'am\u00e9nagement \u00e0 un savoir faire technique complet et de qualit\u00e9 ainsi qu'une v\u00e9ritable approche, respectueuse, des plantes et du monde des jardins. \">A creation or a restoration of your space, associating your desires of embellishment and development to a technical know-how complete and of quality as well as a true approach, respectful, of the plants and the world of the gardens.<\/span><\/p>\n<p><span title=\"- *Bacs : Cette technique d'am\u00e9nagement est une r\u00e9elle nouveaut\u00e9 dans le monde des terrasses et balcons et respecte les normes des am\u00e9nagements de terrasse (CE).\">&#8211; * Bins: This landscaping technique is a real novelty in the world of terraces and balconies and meets the standards of terrace developments (CE). <\/span><span title=\"Ces bacs ultra-l\u00e9gers en r\u00e9sine, mobiles, avec fa\u00e7ades d\u00e9coratives en bois, m\u00e9tal ,min\u00e9ral, ou mati\u00e8re composite color\u00e9e, le tout cr\u00e9er sur-mesure. \">These ultra-light resin bins, mobile, with decorative fronts in wood, metal, mineral, or colored composite material, all create tailor-made.<\/span><\/p>\n<p><span title=\"Ces fa\u00e7ades sont interchangeables.\">These facades are interchangeable. <\/span><span title=\"Si vous aviez envie de modifier votre d\u00e9cor, l'ambiance, ou la conception de votre espace, vous le pouvez : couleur, texture.Bacs et fa\u00e7ades \">If you wanted to change your decor, the atmosphere, or the design of your space, you can: color, texture.Bacs and facades<\/span><\/p>\n<p><span title=\"- Bacs standard : en bois, m\u00e9tal, zinc ou poteries.\">&#8211; Standard bins: wood, metal, zinc or pottery. <\/span><span title=\"Ces bacs vous permettront d'agr\u00e9menter votre espace ou de compl\u00e9ter harmonieusement votre am\u00e9nagement. \">These bins will allow you to decorate your space or to complete your layout harmoniously.<\/span><\/p>\n<p><span title=\"- Caillebotis \u00e0 lame ou en dalles : en pin trait\u00e9 (autoclave classe 4) et lasur\u00e9 aux couleurs de votre choix - en m\u00e9l\u00e8ze \u2013 en bois exotique.Caillebotis exotique (ip\u00e9) - ardoise - incruste de galets \">&#8211; Blade or slab grating: in treated pine (autoclave class 4) and stained in the colors of your choice &#8211; in larch &#8211; in exotic wood.Exotic grating (Ipe) &#8211; slate &#8211; inlaid with pebbles<\/span><\/p>\n<p><span title=\"- DALLAGES : sur plots, sur chape, en pavages, pas japonais.Ardoise \">&#8211; DALLAGES: on plots, on screed, in tessellations, not Japanese.<\/span><\/p>\n<p><span title=\"- Ma\u00e7onneries paysag\u00e8res, rocailles, enrochements, galets, min\u00e9ral, ardoises et p\u00e9tales d'ardoise, granite noir, pose de miroirs...Pavage \">&#8211; Landscape masonry, rock gardens, rockfill, pebbles, mineral, slates and slate petals, black granite, mirrors &#8230; Paving<\/span><\/p>\n<p><span title=\"- Pergolas, treillages et claustras standard ou sur-mesure. \">&#8211; Pergolas, trellises and trellises standard or made-to-measure.<\/span><\/p>\n<p><span title=\"- Rangements : cabanes, bancs, trompe l'oeil \u2013 standard ou sur-mesure. \">&#8211; Storage: cabins, benches, trompe l&#8217;oeil &#8211; standard or made-to-measure.<\/span><\/p>\n<p><span title=\"- MUR V\u00c9G\u00c9TAL: d\u00e9coration v\u00e9g\u00e9talis\u00e9e de vos murs. \">&#8211; VEGETAL WALL: green decoration of your walls.<\/span><\/p>\n<p><span title=\"- Arrosage automatique : \">&#8211; Automatic watering :<\/span><\/p>\n<p><span id=\"result_box\" class=\"\" lang=\"en\" tabindex=\"-1\"><span title=\"- Arrosage automatique : \"><span><img loading=\"lazy\" decoding=\"async\" class=\"wp-image-1046 aligncenter\" src=\"https:\/\/bouncer-jardinier.com\/wp-content\/uploads\/2017\/05\/lormau-016-1024x688.jpg\" alt=\"\" width=\"435\" height=\"292\" srcset=\"https:\/\/www.philippe-bouncer-jardins.com\/wp-content\/uploads\/2017\/05\/lormau-016-1024x688.jpg 1024w, https:\/\/www.philippe-bouncer-jardins.com\/wp-content\/uploads\/2017\/05\/lormau-016-300x201.jpg 300w, https:\/\/www.philippe-bouncer-jardins.com\/wp-content\/uploads\/2017\/05\/lormau-016-768x516.jpg 768w, https:\/\/www.philippe-bouncer-jardins.com\/wp-content\/uploads\/2017\/05\/lormau-016-780x524.jpg 780w, https:\/\/www.philippe-bouncer-jardins.com\/wp-content\/uploads\/2017\/05\/lormau-016-1120x752.jpg 1120w, https:\/\/www.philippe-bouncer-jardins.com\/wp-content\/uploads\/2017\/05\/lormau-016.jpg 1196w\" sizes=\"auto, (max-width: 435px) 100vw, 435px\" \/><\/span><\/span><\/span><\/p>\n<p><span title=\"Nous facilitons la vie de vos v\u00e9g\u00e9taux et votre plaisir du jardin, sans contraintes, en installant un r\u00e9seau d'arrosage automatique : int\u00e9gr\u00e9, par micro-jet ou par aspersion command\u00e9e par un programmateur professionnel. \">We facilitate the life of your plants and your pleasure of the garden, without constraints, by installing an automatic watering system: integrated, by micro-jet or by sprinkling controlled by a professional programmer.<\/span><\/p>\n<p><span title=\"Nous pratiquons \u00e9galement le raccordement de plomberie et \u00e9lectrique n\u00e9cessaire \u00e0 la mise en place de votre arrosage. \">We also practice the plumbing and electrical connection needed to set up your watering.<\/span><\/p>\n<p><span title=\"Raccordement de l'arrosage au r\u00e9seau existant \">Connection of watering to the existing network<\/span><\/p>\n<p><span title=\"Installation d'un programmateur professionnel, dissimul\u00e9 dans un coffrage en bois en harmonie avec votre am\u00e9nagement. \">Installation of a professional programmer, concealed in a wooden formwork in harmony with your layout.<\/span><\/p>\n<p><span title=\"- \u00c9CLAIRAGE : \u00c9tude de la mise en lumi\u00e8re de vos espaces. \">&#8211; LIGHTING: Study of the lighting of your spaces.<\/span><\/p>\n<p><span title=\"Nous r\u00e9alisons l'installation \u00e9lectrique et les branchements de l'\u00e9clairage, command\u00e9s \u00e0 distance par un capteur-\u00e9metteur-r\u00e9cepteur, afin de mettre en valeur votre lieu pour vos soir\u00e9es.Nous vous proposons un grand choix de luminaires : spots, LED, appliques\">We realize the electrical installation and connections of the lighting, remotely controlled by a sensor-transmitter-receiver, in order to highlight your place for your evenings. We propose you a large choice of luminaries: spotlights, LED, wall lights <\/span><span title=\"murales. \">murals.<\/span><\/p>\n<p><span title=\"- PLANTES: \u00a0\u00a0\u00a0\u00a0\">&#8211; PLANTS:<\/span><\/p>\n<p><span title=\".\">. <\/span><span title=\"\u00e0 parfums, \u00a0\u00a0\u00a0\u00a0\">with perfumes,<br \/>\n<\/span><span title=\".\">. <\/span><span title=\"annuelles, \u00a0\u00a0\u00a0\u00a0\">annual,<br \/>\n<\/span><span title=\".\">. <\/span><span title=\"vivaces, \u00a0\u00a0\u00a0\u00a0\">perennials,<br \/>\n<\/span><span title=\".\">. <\/span><span title=\"arbustes, \u00a0\u00a0\u00a0\u00a0\">shrubs,<br \/>\n<\/span><span title=\".\">. <\/span><span title=\"arbres, conif\u00e8res, \u00a0\u00a0\u00a0\u00a0\">trees, conifers,<br \/>\n<\/span><span title=\".\">. <\/span><span title=\"topiaires, \u00a0\u00a0\u00a0\u00a0\">topiaries,<br \/>\n<\/span><span title=\".\">. <\/span><span title=\"exotiques, \u00a0\u00a0\u00a0\u00a0\">exotic,<br \/>\n<\/span><span title=\".\">. <\/span><span title=\"fruits et l\u00e9gumes, \u00a0\u00a0\u00a0\u00a0\">fruits and vegetables,<br \/>\n<\/span><span title=\".\">. <\/span><span title=\"plantes de collections, \u00a0\u00a0\u00a0\u00a0\">collection plants,<br \/>\n<\/span><span title=\".\">. <\/span><span title=\"aromatiques. \">aromatics.<\/span><\/p>\n<p><span title=\"Les restructurations: vous pouvez \u00e9galement d\u00e9sirer recomposer une seule partie de votre espace, nous vous proposons d'en \u00e9tudier les possibilit\u00e9s avec vous : remplacement ou am\u00e9lioration de la composition v\u00e9g\u00e9tales, changement de bacs, int\u00e9gration de l'arrosage automatique... \">Restructuring: you may also wish to recompose a single part of your space, we propose to study the possibilities with you: replacement or improvement of the plant composition, change of tanks, integration of automatic watering &#8230;<br \/>\n<\/span><span title=\"Les partenaires et fournisseurs : ils sont choisis avec soin et sont aussi le reflet de la bonne p\u00e9rennit\u00e9 de votre espace, leurs qualit\u00e9s propres, leur exp\u00e9rience et leur conscience professionnelle sont des atouts majeurs.\">Partners and suppliers: they are chosen with care and are also a reflection of the good durability of your space, their own qualities, their experience and their professional conscience are major assets. <\/span><span title=\"Les mat\u00e9riaux utilis\u00e9s sont s\u00e9lectionn\u00e9s pour leurs caract\u00e9ristiques sp\u00e9cifiques et r\u00e9pondent aux normes du monde du jardin et des terrasses. \">The materials used are selected for their specific characteristics and meet the standards of the garden world and terraces.<br \/>\n<\/span><span title=\"L'ENTRETIEN: \">MAINTENANCE:<\/span><\/p>\n<p><span title=\"Un suivi et un entretien de vos am\u00e9nagements et de vos plantes : \">Monitoring and maintenance of your facilities and plants:<\/span><\/p>\n<p><span title=\"- En contrat annuel sous forme de forfait, avec plusieurs passages au cours de l'ann\u00e9e, et la garantie de 10 ans sur vos v\u00e9g\u00e9taux, \">&#8211; In annual contract in the form of fixed price, with several passages during the year, and the guarantee of 10 years on your plants,<\/span><\/p>\n<p><span title=\"- en intervention ponctuelle sur votre demande. \">&#8211; in punctual intervention on your request.<br \/>\n<\/span><span title=\"L'ATELIER CR\u00c9ATION: \">WORKSHOP CREATION:<\/span><\/p>\n<p><span title=\"Des peintures et cr\u00e9ations sont reli\u00e9es au lieu, au jardin, aux sc\u00e8nes paysag\u00e8res.\">Paintings and creations are connected to the place, the garden, the landscape scenes. <\/span><span title=\"Elles peuvent \u00eatre une voie tout \u00e0 fait enrichissante pour cr\u00e9er de nouvelles r\u00e9sonances, jeux du regard, rythmes des paysages.\">They can be a very enriching way to create new resonances, games of the eye, rhythms of landscapes. <\/span><span title=\"Nous travaillons sur commande, le plus souvent au sein d'un projet d'am\u00e9nagement v\u00e9g\u00e9tale, tout en r\u00e9pondant \u00e9galement \u00e0 des commandes libre. \">We work on order, usually in a vegetal project, while also responding to free orders.<\/span><\/p>\n<p><span id=\"result_box\" class=\"\" lang=\"en\" tabindex=\"-1\"><span title=\"Nous travaillons sur commande, le plus souvent au sein d'un projet d'am\u00e9nagement v\u00e9g\u00e9tale, tout en r\u00e9pondant \u00e9galement \u00e0 des commandes libre. \"><br \/>\n<\/span><span title=\"NATURE ET ENVIRONNEMENT: \">NATURE AND ENVIRONMENT:<\/span><\/span><\/p>\n<p><span title=\"Cela offrant une gamme vari\u00e9e de diff\u00e9rents terreau convenant \u00e0 diff\u00e9rents usages dont une vari\u00e9t\u00e9 parfai\"><span title=\"Respect de la nature et de l'environnement sont interd\u00e9pendant de notre m\u00e9tier de jardinier et nous y accordons une grande attention.\">Respect for nature and the environment are interdependent on our gardening profession and we pay great attention to it. <\/span><span title=\"Pour cela, nous choisissons les produits (terre, bois, min\u00e9ral, produits, etc..) avec un soin tout particulier : \">For this, we choose the products (earth, wood, mineral, products, etc.) with a particular care:<\/span><\/span><\/p>\n<p><span title=\"- Le terreau propos\u00e9 respecte les cycles de d\u00e9composition naturelle de d\u00e9chets verts.\">&#8211; The proposed soil complies with natural decomposition cycles of green waste. <\/span><span title=\"Cela offrant une gamme vari\u00e9e de diff\u00e9rents terreau convenant \u00e0 diff\u00e9rents usages dont une vari\u00e9t\u00e9 parfaitement adapt\u00e9e aux terrasses. \">This offers a varied range of different potting mix suitable for different uses including a variety perfectly adapted to the terraces.<\/span><\/p>\n<p><span title=\"- Le bois propos\u00e9 pour les cr\u00e9ations (cabanes, clautras, caillebotis...) provient de r\u00e9seaux professionnels respectant nos for\u00eats.\">&#8211; The wood proposed for the creations (huts, clautras, gratings &#8230;) comes from professional networks respecting our forests. <\/span><span title=\"Nous favorisons les essences provenant de nos r\u00e9gions. \">We favor species from our regions.<\/span><\/p>\n<p><span title=\"- Pour les jardins, le travail du sol est tr\u00e8s peu pratiqu\u00e9 ,nous consid\u00e9rons hautement la pr\u00e9sence de la faune du sol (bact\u00e9ries, insectes, micro-organismes...).\">&#8211; For gardens, tillage is very little practiced, we highly consider the presence of soil fauna (bacteria, insects, microorganisms &#8230;). <\/span><span title=\"Cela conduisant \u00e0 une meilleur r\u00e9g\u00e9n\u00e9ration du sol et de l'humus.\">This leads to better regeneration of soil and humus. <\/span><span title=\"Possibilit\u00e9 de r\u00e9g\u00e9n\u00e9ration de sols pauvres par diff\u00e9rentes technique dont celle des bois ram\u00e9aux fragment\u00e9s permettant de reconstituer tout le cycle du vivant (micro-organismes, eau, vers de terre...) \">Possibility of regeneration of poor soils by various techniques, including fragmented ramial woods, which can reconstitute the whole life cycle (micro-organisms, water, earthworms, etc.)<\/span><\/p>\n<p><span title=\"- Pour chaque cr\u00e9ation, nos amies les plantes sont \u00e9galement choisies avec soin afin de pouvoir les transplanter dans les meilleures conditions.\">&#8211; For each creation, our friends the plants are also chosen with care in order to be able to transplant them in the best conditions. <\/span><span title=\"Pour les terrasses, nous b\u00e9n\u00e9ficions de gammes v\u00e9g\u00e9tales sp\u00e9ciales cultiv\u00e9es en container, offrant la possibilit\u00e9s d'avoir de belles et grandes plantes avec des mottes r\u00e9duites.\">For terraces, we benefit from special vegetable ranges grown in containers, offering the possibility of having beautiful and large plants with reduced clumps. <\/span><span title=\"Le choix des p\u00e9pini\u00e9ristes est g\u00e9n\u00e9ralement fonction du lieu du projet. \">The choice of nurserymen generally depends on the location of the project.<\/span><\/p>\n<p><span title=\"- Soins des plantes , nous privil\u00e9gions bien entendu la lutte biologique, notre soucis \u00e9tant d'engendrer le moins de r\u00e9manences toxiques possible au sein de la nature ou de la ville. \">&#8211; Care of the plants, we privilege of course the biological fight, our concern being to generate the least possible toxic remanences within the nature or the city.<\/span><\/p>\n<p><span title=\"PERMACULTURE: \">PERMACULTURE:<br \/>\n<\/span><span title=\"En partage autant que faire se peut, pour les jardins et pour les \u00eatres humains en pr\u00e9sences.\">Sharing as much as possible, for gardens and for human beings in attendance.<\/span><\/p>\n","protected":false},"excerpt":{"rendered":"<p>More than 25 years of experience Allows Philippe Bouncer to offer you various services and quality services to meet your aspirations and the requirements of your space: &#8211; Garden &#8211; Patio &#8211; Events &#8211; Interior design &#8211; Terraces and balconies &#8211; innovative technical and aesthetic processes. STUDIES AND DESIGNS: A [&hellip;]<\/p>\n","protected":false},"author":3,"featured_media":2733,"parent":0,"menu_order":0,"comment_status":"closed","ping_status":"closed","template":"","meta":{"footnotes":""},"class_list":["post-641","page","type-page","status-publish","has-post-thumbnail","hentry"],"aioseo_notices":[],"_links":{"self":[{"href":"https:\/\/philippe-bouncer-jardins.com\/en\/wp-json\/wp\/v2\/pages\/641","targetHints":{"allow":["GET"]}}],"collection":[{"href":"https:\/\/philippe-bouncer-jardins.com\/en\/wp-json\/wp\/v2\/pages"}],"about":[{"href":"https:\/\/philippe-bouncer-jardins.com\/en\/wp-json\/wp\/v2\/types\/page"}],"author":[{"embeddable":true,"href":"https:\/\/philippe-bouncer-jardins.com\/en\/wp-json\/wp\/v2\/users\/3"}],"replies":[{"embeddable":true,"href":"https:\/\/philippe-bouncer-jardins.com\/en\/wp-json\/wp\/v2\/comments?post=641"}],"version-history":[{"count":51,"href":"https:\/\/philippe-bouncer-jardins.com\/en\/wp-json\/wp\/v2\/pages\/641\/revisions"}],"predecessor-version":[{"id":3476,"href":"https:\/\/philippe-bouncer-jardins.com\/en\/wp-json\/wp\/v2\/pages\/641\/revisions\/3476"}],"wp:featuredmedia":[{"embeddable":true,"href":"https:\/\/philippe-bouncer-jardins.com\/en\/wp-json\/wp\/v2\/media\/2733"}],"wp:attachment":[{"href":"https:\/\/philippe-bouncer-jardins.com\/en\/wp-json\/wp\/v2\/media?parent=641"}],"curies":[{"name":"wp","href":"https:\/\/api.w.org\/{rel}","templated":true}]}}