{"id":529,"date":"2017-04-21T07:24:45","date_gmt":"2017-04-21T05:24:45","guid":{"rendered":"https:\/\/bouncer-jardinier.com\/?page_id=529"},"modified":"2018-04-12T14:36:35","modified_gmt":"2018-04-12T12:36:35","slug":"paris-12-2","status":"publish","type":"page","link":"https:\/\/philippe-bouncer-jardins.com\/en\/paris-12-2\/","title":{"rendered":"PARIS 12"},"content":{"rendered":"<p><span>\u00ab\u00a0Non seulement Philippe et son \u00e9quipe ont r\u00e9alis\u00e9 un travail de qualit\u00e9 irr\u00e9prochable et dans les d\u00e9lais pr\u00e9vus, mais surtout<strong> construire le projet ensemble a \u00e9t\u00e9 un vrai plaisir.<\/strong> Il a su \u00eatre \u00e0 l\u2019\u00e9coute de nos envies respectives, proposer des solutions compatibles avec notre espace, et nous amener progressivement \u00e0 un projet qui nous plait \u00e0 tous les deux. <strong>Philippe apporte plus qu\u2019un projet paysager, il apporte aussi une certaine philosophie<\/strong> de la vie et des plantes\u00a0! \u00a0\u00bb<\/span><\/p>\n<p><span>Alexandre et Sylvie<\/span><\/p>\n\n\t\t<style type=\"text\/css\">\n\t\t\t#gallery-1 {\n\t\t\t\tmargin: auto;\n\t\t\t}\n\t\t\t#gallery-1 .gallery-item {\n\t\t\t\tfloat: left;\n\t\t\t\tmargin-top: 10px;\n\t\t\t\ttext-align: center;\n\t\t\t\twidth: 100%;\n\t\t\t}\n\t\t\t#gallery-1 img {\n\t\t\t\tborder: 2px solid #cfcfcf;\n\t\t\t}\n\t\t\t#gallery-1 .gallery-caption {\n\t\t\t\tmargin-left: 0;\n\t\t\t}\n\t\t\t\/* see gallery_shortcode() in wp-includes\/media.php *\/\n\t\t<\/style>\n\t\t<div id='gallery-1' class='gallery galleryid-529 gallery-columns-1 gallery-size-full'><dl class='gallery-item'>\n\t\t\t<dt class='gallery-icon landscape'>\n\t\t\t\t<img loading=\"lazy\" decoding=\"async\" width=\"800\" height=\"600\" src=\"https:\/\/www.philippe-bouncer-jardins.com\/wp-content\/uploads\/2018\/02\/01-3.jpg\" class=\"attachment-full size-full\" alt=\"\" srcset=\"https:\/\/www.philippe-bouncer-jardins.com\/wp-content\/uploads\/2018\/02\/01-3.jpg 800w, https:\/\/www.philippe-bouncer-jardins.com\/wp-content\/uploads\/2018\/02\/01-3-600x450.jpg 600w, https:\/\/www.philippe-bouncer-jardins.com\/wp-content\/uploads\/2018\/02\/01-3-300x225.jpg 300w, https:\/\/www.philippe-bouncer-jardins.com\/wp-content\/uploads\/2018\/02\/01-3-768x576.jpg 768w\" sizes=\"auto, (max-width: 800px) 100vw, 800px\" \/>\n\t\t\t<\/dt><\/dl><br style=\"clear: both\" \/><dl class='gallery-item'>\n\t\t\t<dt class='gallery-icon landscape'>\n\t\t\t\t<img loading=\"lazy\" decoding=\"async\" width=\"800\" height=\"600\" src=\"https:\/\/www.philippe-bouncer-jardins.com\/wp-content\/uploads\/2018\/02\/2.jpg\" class=\"attachment-full size-full\" alt=\"\" srcset=\"https:\/\/www.philippe-bouncer-jardins.com\/wp-content\/uploads\/2018\/02\/2.jpg 800w, https:\/\/www.philippe-bouncer-jardins.com\/wp-content\/uploads\/2018\/02\/2-600x450.jpg 600w, https:\/\/www.philippe-bouncer-jardins.com\/wp-content\/uploads\/2018\/02\/2-300x225.jpg 300w, https:\/\/www.philippe-bouncer-jardins.com\/wp-content\/uploads\/2018\/02\/2-768x576.jpg 768w\" sizes=\"auto, (max-width: 800px) 100vw, 800px\" \/>\n\t\t\t<\/dt><\/dl><br style=\"clear: both\" \/><dl class='gallery-item'>\n\t\t\t<dt class='gallery-icon landscape'>\n\t\t\t\t<img loading=\"lazy\" decoding=\"async\" width=\"800\" height=\"600\" src=\"https:\/\/www.philippe-bouncer-jardins.com\/wp-content\/uploads\/2018\/02\/11-1.jpg\" class=\"attachment-full size-full\" alt=\"\" srcset=\"https:\/\/www.philippe-bouncer-jardins.com\/wp-content\/uploads\/2018\/02\/11-1.jpg 800w, https:\/\/www.philippe-bouncer-jardins.com\/wp-content\/uploads\/2018\/02\/11-1-600x450.jpg 600w, https:\/\/www.philippe-bouncer-jardins.com\/wp-content\/uploads\/2018\/02\/11-1-300x225.jpg 300w, https:\/\/www.philippe-bouncer-jardins.com\/wp-content\/uploads\/2018\/02\/11-1-768x576.jpg 768w\" sizes=\"auto, (max-width: 800px) 100vw, 800px\" \/>\n\t\t\t<\/dt><\/dl><br style=\"clear: both\" \/><dl class='gallery-item'>\n\t\t\t<dt class='gallery-icon landscape'>\n\t\t\t\t<img loading=\"lazy\" decoding=\"async\" width=\"800\" height=\"600\" src=\"https:\/\/www.philippe-bouncer-jardins.com\/wp-content\/uploads\/2018\/02\/4jpg.jpg\" class=\"attachment-full size-full\" alt=\"\" srcset=\"https:\/\/www.philippe-bouncer-jardins.com\/wp-content\/uploads\/2018\/02\/4jpg.jpg 800w, https:\/\/www.philippe-bouncer-jardins.com\/wp-content\/uploads\/2018\/02\/4jpg-600x450.jpg 600w, https:\/\/www.philippe-bouncer-jardins.com\/wp-content\/uploads\/2018\/02\/4jpg-300x225.jpg 300w, https:\/\/www.philippe-bouncer-jardins.com\/wp-content\/uploads\/2018\/02\/4jpg-768x576.jpg 768w\" sizes=\"auto, (max-width: 800px) 100vw, 800px\" \/>\n\t\t\t<\/dt><\/dl><br style=\"clear: both\" \/><dl class='gallery-item'>\n\t\t\t<dt class='gallery-icon portrait'>\n\t\t\t\t<img loading=\"lazy\" decoding=\"async\" width=\"600\" height=\"800\" src=\"https:\/\/www.philippe-bouncer-jardins.com\/wp-content\/uploads\/2018\/02\/05-8.jpg\" class=\"attachment-full size-full\" alt=\"\" srcset=\"https:\/\/www.philippe-bouncer-jardins.com\/wp-content\/uploads\/2018\/02\/05-8.jpg 600w, https:\/\/www.philippe-bouncer-jardins.com\/wp-content\/uploads\/2018\/02\/05-8-225x300.jpg 225w\" sizes=\"auto, (max-width: 600px) 100vw, 600px\" \/>\n\t\t\t<\/dt><\/dl><br style=\"clear: both\" \/><dl class='gallery-item'>\n\t\t\t<dt class='gallery-icon landscape'>\n\t\t\t\t<img loading=\"lazy\" decoding=\"async\" width=\"800\" height=\"600\" src=\"https:\/\/www.philippe-bouncer-jardins.com\/wp-content\/uploads\/2018\/02\/7jpg.jpg\" class=\"attachment-full size-full\" alt=\"\" srcset=\"https:\/\/www.philippe-bouncer-jardins.com\/wp-content\/uploads\/2018\/02\/7jpg.jpg 800w, https:\/\/www.philippe-bouncer-jardins.com\/wp-content\/uploads\/2018\/02\/7jpg-600x450.jpg 600w, https:\/\/www.philippe-bouncer-jardins.com\/wp-content\/uploads\/2018\/02\/7jpg-300x225.jpg 300w, https:\/\/www.philippe-bouncer-jardins.com\/wp-content\/uploads\/2018\/02\/7jpg-768x576.jpg 768w\" sizes=\"auto, (max-width: 800px) 100vw, 800px\" \/>\n\t\t\t<\/dt><\/dl><br style=\"clear: both\" \/><dl class='gallery-item'>\n\t\t\t<dt class='gallery-icon landscape'>\n\t\t\t\t<img loading=\"lazy\" decoding=\"async\" width=\"800\" height=\"600\" src=\"https:\/\/www.philippe-bouncer-jardins.com\/wp-content\/uploads\/2018\/02\/8.jpg\" class=\"attachment-full size-full\" alt=\"\" srcset=\"https:\/\/www.philippe-bouncer-jardins.com\/wp-content\/uploads\/2018\/02\/8.jpg 800w, https:\/\/www.philippe-bouncer-jardins.com\/wp-content\/uploads\/2018\/02\/8-600x450.jpg 600w, https:\/\/www.philippe-bouncer-jardins.com\/wp-content\/uploads\/2018\/02\/8-300x225.jpg 300w, https:\/\/www.philippe-bouncer-jardins.com\/wp-content\/uploads\/2018\/02\/8-768x576.jpg 768w\" sizes=\"auto, (max-width: 800px) 100vw, 800px\" \/>\n\t\t\t<\/dt><\/dl><br style=\"clear: both\" \/><dl class='gallery-item'>\n\t\t\t<dt class='gallery-icon landscape'>\n\t\t\t\t<img loading=\"lazy\" decoding=\"async\" width=\"800\" height=\"600\" src=\"https:\/\/www.philippe-bouncer-jardins.com\/wp-content\/uploads\/2018\/02\/6.jpg\" class=\"attachment-full size-full\" alt=\"\" srcset=\"https:\/\/www.philippe-bouncer-jardins.com\/wp-content\/uploads\/2018\/02\/6.jpg 800w, https:\/\/www.philippe-bouncer-jardins.com\/wp-content\/uploads\/2018\/02\/6-600x450.jpg 600w, https:\/\/www.philippe-bouncer-jardins.com\/wp-content\/uploads\/2018\/02\/6-300x225.jpg 300w, https:\/\/www.philippe-bouncer-jardins.com\/wp-content\/uploads\/2018\/02\/6-768x576.jpg 768w\" sizes=\"auto, (max-width: 800px) 100vw, 800px\" \/>\n\t\t\t<\/dt><\/dl><br style=\"clear: both\" \/><dl class='gallery-item'>\n\t\t\t<dt class='gallery-icon landscape'>\n\t\t\t\t<img loading=\"lazy\" decoding=\"async\" width=\"800\" height=\"600\" src=\"https:\/\/www.philippe-bouncer-jardins.com\/wp-content\/uploads\/2018\/02\/9-3.jpg\" class=\"attachment-full size-full\" alt=\"\" srcset=\"https:\/\/www.philippe-bouncer-jardins.com\/wp-content\/uploads\/2018\/02\/9-3.jpg 800w, https:\/\/www.philippe-bouncer-jardins.com\/wp-content\/uploads\/2018\/02\/9-3-600x450.jpg 600w, https:\/\/www.philippe-bouncer-jardins.com\/wp-content\/uploads\/2018\/02\/9-3-300x225.jpg 300w, https:\/\/www.philippe-bouncer-jardins.com\/wp-content\/uploads\/2018\/02\/9-3-768x576.jpg 768w\" sizes=\"auto, (max-width: 800px) 100vw, 800px\" \/>\n\t\t\t<\/dt><\/dl><br style=\"clear: both\" \/><dl class='gallery-item'>\n\t\t\t<dt class='gallery-icon landscape'>\n\t\t\t\t<img loading=\"lazy\" decoding=\"async\" width=\"800\" height=\"600\" src=\"https:\/\/www.philippe-bouncer-jardins.com\/wp-content\/uploads\/2018\/02\/10.jpg\" class=\"attachment-full size-full\" alt=\"\" srcset=\"https:\/\/www.philippe-bouncer-jardins.com\/wp-content\/uploads\/2018\/02\/10.jpg 800w, https:\/\/www.philippe-bouncer-jardins.com\/wp-content\/uploads\/2018\/02\/10-600x450.jpg 600w, https:\/\/www.philippe-bouncer-jardins.com\/wp-content\/uploads\/2018\/02\/10-300x225.jpg 300w, https:\/\/www.philippe-bouncer-jardins.com\/wp-content\/uploads\/2018\/02\/10-768x576.jpg 768w\" sizes=\"auto, (max-width: 800px) 100vw, 800px\" \/>\n\t\t\t<\/dt><\/dl><br style=\"clear: both\" \/><dl class='gallery-item'>\n\t\t\t<dt class='gallery-icon landscape'>\n\t\t\t\t<img loading=\"lazy\" decoding=\"async\" width=\"800\" height=\"600\" src=\"https:\/\/www.philippe-bouncer-jardins.com\/wp-content\/uploads\/2018\/02\/3.jpg\" class=\"attachment-full size-full\" alt=\"\" srcset=\"https:\/\/www.philippe-bouncer-jardins.com\/wp-content\/uploads\/2018\/02\/3.jpg 800w, https:\/\/www.philippe-bouncer-jardins.com\/wp-content\/uploads\/2018\/02\/3-600x450.jpg 600w, https:\/\/www.philippe-bouncer-jardins.com\/wp-content\/uploads\/2018\/02\/3-300x225.jpg 300w, https:\/\/www.philippe-bouncer-jardins.com\/wp-content\/uploads\/2018\/02\/3-768x576.jpg 768w\" sizes=\"auto, (max-width: 800px) 100vw, 800px\" \/>\n\t\t\t<\/dt><\/dl><br style=\"clear: both\" \/>\n\t\t<\/div>\n\n","protected":false},"excerpt":{"rendered":"<p>\u00ab\u00a0Non seulement Philippe et son \u00e9quipe ont r\u00e9alis\u00e9 un travail de qualit\u00e9 irr\u00e9prochable et dans les d\u00e9lais pr\u00e9vus, mais surtout construire le projet ensemble a \u00e9t\u00e9 un vrai plaisir. Il a su \u00eatre \u00e0 l\u2019\u00e9coute de nos envies respectives, proposer des solutions compatibles avec notre espace, et nous amener progressivement [&hellip;]<\/p>\n","protected":false},"author":2,"featured_media":2274,"parent":0,"menu_order":0,"comment_status":"closed","ping_status":"closed","template":"","meta":{"footnotes":""},"class_list":["post-529","page","type-page","status-publish","has-post-thumbnail","hentry"],"aioseo_notices":[],"_links":{"self":[{"href":"https:\/\/philippe-bouncer-jardins.com\/en\/wp-json\/wp\/v2\/pages\/529","targetHints":{"allow":["GET"]}}],"collection":[{"href":"https:\/\/philippe-bouncer-jardins.com\/en\/wp-json\/wp\/v2\/pages"}],"about":[{"href":"https:\/\/philippe-bouncer-jardins.com\/en\/wp-json\/wp\/v2\/types\/page"}],"author":[{"embeddable":true,"href":"https:\/\/philippe-bouncer-jardins.com\/en\/wp-json\/wp\/v2\/users\/2"}],"replies":[{"embeddable":true,"href":"https:\/\/philippe-bouncer-jardins.com\/en\/wp-json\/wp\/v2\/comments?post=529"}],"version-history":[{"count":13,"href":"https:\/\/philippe-bouncer-jardins.com\/en\/wp-json\/wp\/v2\/pages\/529\/revisions"}],"predecessor-version":[{"id":2846,"href":"https:\/\/philippe-bouncer-jardins.com\/en\/wp-json\/wp\/v2\/pages\/529\/revisions\/2846"}],"wp:featuredmedia":[{"embeddable":true,"href":"https:\/\/philippe-bouncer-jardins.com\/en\/wp-json\/wp\/v2\/media\/2274"}],"wp:attachment":[{"href":"https:\/\/philippe-bouncer-jardins.com\/en\/wp-json\/wp\/v2\/media?parent=529"}],"curies":[{"name":"wp","href":"https:\/\/api.w.org\/{rel}","templated":true}]}}