{"id":471,"date":"2017-04-21T07:17:27","date_gmt":"2017-04-21T05:17:27","guid":{"rendered":"https:\/\/bouncer-jardinier.com\/?page_id=471"},"modified":"2019-03-22T15:58:31","modified_gmt":"2019-03-22T14:58:31","slug":"asnieres","status":"publish","type":"page","link":"https:\/\/philippe-bouncer-jardins.com\/en\/asnieres\/","title":{"rendered":"ASNIERES"},"content":{"rendered":"<p>[vc_row][vc_column width=&#8221;1\/6&#8243;][\/vc_column][vc_column width=&#8221;2\/3&#8243;][dt-portfolio-slider images=&#8221;472,473,474,475,476,477,478,479&#8243; thumb_size=&#8221;full&#8221;][vc_column_text]&#8221;un grand merci a Philippe Bouncer qui a su , en respectant ma demande, transformer ma terrasse banale , en jardin zen avec un rev\u00eatement de sol\u00a0 original et \u00e9l\u00e9gant et une composition v\u00e9g\u00e9tale judicieuse . C&#8217; est devenu un bonheur de la contempler et d&#8217;y recevoir des amis! &#8221;<\/p>\n<p>Sylvie[\/vc_column_text][\/vc_column][vc_column width=&#8221;1\/6&#8243;][\/vc_column][\/vc_row]<\/p>\n","protected":false},"excerpt":{"rendered":"<p>[vc_row][vc_column width=&#8221;1\/6&#8243;][\/vc_column][vc_column width=&#8221;2\/3&#8243;][dt-portfolio-slider images=&#8221;472,473,474,475,476,477,478,479&#8243; thumb_size=&#8221;full&#8221;][vc_column_text]&#8221;un grand merci a Philippe Bouncer qui a su , en respectant ma demande, transformer ma terrasse banale , en jardin zen avec un rev\u00eatement de sol\u00a0 original et \u00e9l\u00e9gant et une composition v\u00e9g\u00e9tale judicieuse . C&#8217; est devenu un bonheur de la contempler et d&#8217;y [&hellip;]<\/p>\n","protected":false},"author":3,"featured_media":2948,"parent":0,"menu_order":0,"comment_status":"closed","ping_status":"closed","template":"","meta":{"footnotes":""},"class_list":["post-471","page","type-page","status-publish","has-post-thumbnail","hentry"],"aioseo_notices":[],"_links":{"self":[{"href":"https:\/\/philippe-bouncer-jardins.com\/en\/wp-json\/wp\/v2\/pages\/471","targetHints":{"allow":["GET"]}}],"collection":[{"href":"https:\/\/philippe-bouncer-jardins.com\/en\/wp-json\/wp\/v2\/pages"}],"about":[{"href":"https:\/\/philippe-bouncer-jardins.com\/en\/wp-json\/wp\/v2\/types\/page"}],"author":[{"embeddable":true,"href":"https:\/\/philippe-bouncer-jardins.com\/en\/wp-json\/wp\/v2\/users\/3"}],"replies":[{"embeddable":true,"href":"https:\/\/philippe-bouncer-jardins.com\/en\/wp-json\/wp\/v2\/comments?post=471"}],"version-history":[{"count":23,"href":"https:\/\/philippe-bouncer-jardins.com\/en\/wp-json\/wp\/v2\/pages\/471\/revisions"}],"predecessor-version":[{"id":2973,"href":"https:\/\/philippe-bouncer-jardins.com\/en\/wp-json\/wp\/v2\/pages\/471\/revisions\/2973"}],"wp:featuredmedia":[{"embeddable":true,"href":"https:\/\/philippe-bouncer-jardins.com\/en\/wp-json\/wp\/v2\/media\/2948"}],"wp:attachment":[{"href":"https:\/\/philippe-bouncer-jardins.com\/en\/wp-json\/wp\/v2\/media?parent=471"}],"curies":[{"name":"wp","href":"https:\/\/api.w.org\/{rel}","templated":true}]}}